{"id":10,"date":"2014-04-11T12:24:37","date_gmt":"2014-04-11T10:24:37","guid":{"rendered":"http:\/\/www.orlux-ag.ch\/?page_id=10"},"modified":"2022-11-03T15:32:33","modified_gmt":"2022-11-03T13:32:33","slug":"home","status":"publish","type":"page","link":"https:\/\/www.orlux-ag.ch\/","title":{"rendered":"Orlux AG"},"content":{"rendered":"<h3>realisiert Sozialforschungsprojekte und betreibt einen Verlag.<\/h3>\n<p>orlux &#8211; social research, editor &#8211; recherche, editions<\/p>\n<p>Gesellschaftssitz &#8211; address of record &#8211; si\u00e8ge:\u00a0 Orlux AG, R\u00e4ffelstrasse 25, 8045 Z\u00fcrich, Schweiz<\/p>\n<p><strong>Anfragen, Nachfragen und Buchbestellungen k\u00f6nnen Sie an uns mit Angabe von Postadresse und E-Mailadresse senden. Dazu bitte das <a title=\"Kontakt\" href=\"https:\/\/www.orlux-ag.ch\/?page_id=8\">Kontakt-Formular<\/a> verwenden.<\/strong><\/p>\n","protected":false},"excerpt":{"rendered":"<p>realisiert Sozialforschungsprojekte und betreibt einen Verlag. orlux &#8211; social research, editor &#8211; recherche, editions Gesellschaftssitz &#8211; address of record &#8211; si\u00e8ge:\u00a0 Orlux AG, R\u00e4ffelstrasse 25, 8045 Z\u00fcrich, Schweiz Anfragen, Nachfragen und Buchbestellungen k\u00f6nnen Sie an uns mit Angabe von Postadresse und E-Mailadresse senden. Dazu bitte das Kontakt-Formular verwenden.<\/p>\n","protected":false},"author":1,"featured_media":0,"parent":0,"menu_order":0,"comment_status":"closed","ping_status":"closed","template":"","meta":{"footnotes":""},"class_list":["post-10","page","type-page","status-publish","hentry"],"_links":{"self":[{"href":"https:\/\/www.orlux-ag.ch\/index.php?rest_route=\/wp\/v2\/pages\/10","targetHints":{"allow":["GET"]}}],"collection":[{"href":"https:\/\/www.orlux-ag.ch\/index.php?rest_route=\/wp\/v2\/pages"}],"about":[{"href":"https:\/\/www.orlux-ag.ch\/index.php?rest_route=\/wp\/v2\/types\/page"}],"author":[{"embeddable":true,"href":"https:\/\/www.orlux-ag.ch\/index.php?rest_route=\/wp\/v2\/users\/1"}],"replies":[{"embeddable":true,"href":"https:\/\/www.orlux-ag.ch\/index.php?rest_route=%2Fwp%2Fv2%2Fcomments&post=10"}],"version-history":[{"count":14,"href":"https:\/\/www.orlux-ag.ch\/index.php?rest_route=\/wp\/v2\/pages\/10\/revisions"}],"predecessor-version":[{"id":2472,"href":"https:\/\/www.orlux-ag.ch\/index.php?rest_route=\/wp\/v2\/pages\/10\/revisions\/2472"}],"wp:attachment":[{"href":"https:\/\/www.orlux-ag.ch\/index.php?rest_route=%2Fwp%2Fv2%2Fmedia&parent=10"}],"curies":[{"name":"wp","href":"https:\/\/api.w.org\/{rel}","templated":true}]}}