{"id":1375,"date":"2021-02-25T17:57:42","date_gmt":"2021-02-25T15:57:42","guid":{"rendered":"http:\/\/www.orlux-ag.ch\/?page_id=1375"},"modified":"2022-01-09T18:28:15","modified_gmt":"2022-01-09T16:28:15","slug":"covid19-massnahmen","status":"publish","type":"page","link":"https:\/\/www.orlux-ag.ch\/?page_id=1375","title":{"rendered":"covid19-massnahmen"},"content":{"rendered":"\n<p><a href=\"https:\/\/www.orlux-ag.ch\/?page_id=664\"><strong>Weiterlesen<\/strong><\/a><br>\u00a9 ProLitter<img loading=\"lazy\" decoding=\"async\" src=\"https:\/\/pl01.owen.prolitteris.ch\/na\/plzm.f0de50c4-c3d6-442f-8c9f-fc740a6578db\" width=\"1\" height=\"1\">is, Finn Schlichenmaier<\/p>\n\n\n\n<h1 class=\"wp-block-heading\">Einleitung von Finn Schlichenmaier<\/h1>\n\n\n\n<p>Verhaltensver\u00e4nderung ist gefragt in diesen Zeiten. Covid-19 hat eine Krise ausgel\u00f6st, die sich nicht \u2018nur\u2019 auf den Finanz- und Arbeitsmarkt oder das Bildungssystem beschr\u00e4nkt. Vielmehr durchdringt das Virus die gesamte Gesellschaft. Die Politik ist gefragt, die Regierungen stehen auf dem Pr\u00fcfstand; aber auch die Einzelnen, die Akteure, sehen sich einer gemeinschaftlichen Verantwortung gegen\u00fcber. Wie wird man so einer Bedrohung habhaft? Wie k\u00f6nnen wir unser Verhalten kollektiv steuern? Das sind Fragen, die im Jahr 2020 neue Aktualit\u00e4t erleben.<\/p>\n\n\n\n<p>Wer sich trotz Covid-19 dann und wann in ein Restaurant oder eine Bar verirrt hat, der wird festgestellt haben: die Anpassung an die Ausnahmesituation und die Umsetzung der beh\u00f6rdlichen Auflagen k\u00f6nnen h\u00f6chst unterschiedlich ausfallen. Unser L\u00e4ngenmass scheint nicht mehr verbindlich: eineinhalb Meter, der geforderte Mindestabstand zwischen den Tischen, kann je nach Betrieb schrumpfen oder wachsen; wo man am einen Ort gar nicht erst etwas bestellen kann, ohne seine Kontaktdaten (mit Unterschrift) hinterlegt zu haben, hat man andernorts gar nicht erst Gelegenheit dazu; das Personal kann wahlweise schon den ganzen Sommer Masken tragen oder das Essen mit seinen Aerosolen w\u00fcrzen, indem es lauthals die Bestellnummern \u00fcber den Tellern verk\u00fcndet. Diese etwas zugespitzte Darstellung soll verdeutlichen, dass die Umsetzung von rechtlichen Normen alles andere ist als eine Selbstverst\u00e4ndlichkeit \u2013 und damit die traditionsreiche Frage nach der Rechtswirkung stellen. Wie ist das Verh\u00e4ltnis von gesetztem Recht und gelebter Faktizit\u00e4t in der Gesellschaft? Um diese Kernfrage kreist die vorliegende Arbeit.<\/p>\n\n\n\n<p>Die Gastronomie ist eine der Branchen, die vom <em>severe acute respiratory coronavirus type 2 <\/em>(im Folgenden SARS-CoV-2) am st\u00e4rksten getroffen werden. Mal abgesehen vom grundlegenden Bestreben, am Ende des Tages \u2013 oder Jahres \u2013 keine Verlustrechnung machen zu m\u00fcssen, gestaltet sich der Umgang mit der Krise nicht trivial. Die Massnahmen des Bundesrates und der Kantone sind als einzelne keine komplexe Angelegenheit, aber die Umsetzung dann eben schon: wie geht man mit der beschr\u00e4nkten Nutzungsm\u00f6glichkeit des Raumes um? Wie kann man Ansteckungsketten unterbinden? Wie kann man die Atmosph\u00e4re nicht verschandeln mit den Tischw\u00e4nden? Wie sieht es mit Anschaffungskosten aus? Wie kann man die Kontaktdaten effizient erfassen?<\/p>\n\n\n\n<p>Eine qualitative Befragung soll diesen mannigfachen Eigenheiten gerecht werden und Einsicht in die Prozesse und Motive geben, die zu der Befolgung \u2013 oder gegebenenfalls Nichtbefolgung \u2013 der Massnahmen zur Bek\u00e4mpfung von Covid-19 f\u00fchren. <br>ProLitter<img loading=\"lazy\" decoding=\"async\" src=\"https:\/\/pl01.owen.prolitteris.ch\/na\/plzm.f0de50c4-c3d6-442f-8c9f-fc740a6578db\" width=\"1\" height=\"1\">is<\/p>\n\n\n\n<p><a href=\"https:\/\/www.orlux-ag.ch\/?page_id=1339\"><strong>Mehr lesen: Maskenpflicht de Vries<\/strong><\/a><\/p>\n","protected":false},"excerpt":{"rendered":"<p>Weiterlesen\u00a9 ProLitteris, Finn Schlichenmaier Einleitung von Finn Schlichenmaier Verhaltensver\u00e4nderung ist gefragt in diesen Zeiten. Covid-19 hat eine Krise ausgel\u00f6st, die sich nicht \u2018nur\u2019 auf den Finanz- und Arbeitsmarkt oder das Bildungssystem beschr\u00e4nkt. Vielmehr durchdringt das Virus die gesamte Gesellschaft. Die Politik ist gefragt, die Regierungen stehen auf dem Pr\u00fcfstand; aber auch die Einzelnen, die Akteure, &hellip; <a href=\"https:\/\/www.orlux-ag.ch\/?page_id=1375\" class=\"more-link\"><span class=\"screen-reader-text\">covid19-massnahmen<\/span> weiterlesen <span class=\"meta-nav\">&rarr;<\/span><\/a><\/p>\n","protected":false},"author":1,"featured_media":0,"parent":674,"menu_order":0,"comment_status":"open","ping_status":"closed","template":"","meta":{"footnotes":""},"class_list":["post-1375","page","type-page","status-publish","hentry"],"_links":{"self":[{"href":"https:\/\/www.orlux-ag.ch\/index.php?rest_route=\/wp\/v2\/pages\/1375","targetHints":{"allow":["GET"]}}],"collection":[{"href":"https:\/\/www.orlux-ag.ch\/index.php?rest_route=\/wp\/v2\/pages"}],"about":[{"href":"https:\/\/www.orlux-ag.ch\/index.php?rest_route=\/wp\/v2\/types\/page"}],"author":[{"embeddable":true,"href":"https:\/\/www.orlux-ag.ch\/index.php?rest_route=\/wp\/v2\/users\/1"}],"replies":[{"embeddable":true,"href":"https:\/\/www.orlux-ag.ch\/index.php?rest_route=%2Fwp%2Fv2%2Fcomments&post=1375"}],"version-history":[{"count":15,"href":"https:\/\/www.orlux-ag.ch\/index.php?rest_route=\/wp\/v2\/pages\/1375\/revisions"}],"predecessor-version":[{"id":2784,"href":"https:\/\/www.orlux-ag.ch\/index.php?rest_route=\/wp\/v2\/pages\/1375\/revisions\/2784"}],"up":[{"embeddable":true,"href":"https:\/\/www.orlux-ag.ch\/index.php?rest_route=\/wp\/v2\/pages\/674"}],"wp:attachment":[{"href":"https:\/\/www.orlux-ag.ch\/index.php?rest_route=%2Fwp%2Fv2%2Fmedia&parent=1375"}],"curies":[{"name":"wp","href":"https:\/\/api.w.org\/{rel}","templated":true}]}}