{"id":2261,"date":"2022-02-20T16:31:37","date_gmt":"2022-02-20T14:31:37","guid":{"rendered":"http:\/\/www.orlux-ag.ch\/?page_id=2261"},"modified":"2023-06-09T14:14:46","modified_gmt":"2023-06-09T12:14:46","slug":"rechtsextremismusfinanzierung-in-nidwalden-und-obwalden-hans-stutz-ermittelt","status":"publish","type":"page","link":"https:\/\/www.orlux-ag.ch\/?page_id=2261","title":{"rendered":"Finanzierung von Rechtsextremismus in Nidwalden und Obwalden &#8211; Stutz ermittelt"},"content":{"rendered":"\n<p>Autor: Josef Estermann, \u00a9 ProLitter<img loading=\"lazy\" decoding=\"async\" src=\"https:\/\/pl01.owen.prolitteris.ch\/na\/plzm.a4c8dc2e-a368-45d5-b925-4919d99627ae\" width=\"1\" height=\"1\" border=\"0\">is<\/p>\n\n\n\n<p><a href=\"https:\/\/www.orlux-ag.ch\/?page_id=2276\"><strong>Weiterlesen <\/strong><\/a><\/p>\n\n\n\n<p>Hans Stutz, ein engagierter Journalist, der sich monothematisch mit der politisch rechts agierenden Szene in der Schweiz und im deutschsprachigen Ausland besch\u00e4ftigt, ermittelt gegen Personen, die rechtsextreme Parteien finanzieren und die in bestimmten Innerschweizer Kantonen nach Aufwand besteuert werden.<\/p>\n\n\n\n<p>Die Aufwandbesteuerung ausl\u00e4ndischer Personen wird in erster Linie von den Kantonen Nidwalden und Obwalden angeboten, um reiche Privatpersonen beispielsweise  aus der Bundesrepublik Deutschland und aus der Republik \u00d6sterreich in ihre Steuerhoheit zu locken und ihnen damit zu erm\u00f6glichen, in Deutschland oder \u00d6sterreich keine Steuern zu bezahlen. Die Kantone Obwalden und Nidwalden sind g\u00fcnstig gelegen, weil sie sich in gen\u00fcgendem Abstand zu der deutschen und der \u00f6sterreichischen Grenze befinden, da diese Steuerbeh\u00f6rden Wohnsitze in den Grenzkantonen wie z.B. Z\u00fcrich nicht als ausl\u00e4ndischen Wohnsitz anerkennen. Personen mit Wohnsitz in Grenzn\u00e4he werden von ihren Heimatl\u00e4ndern als Grenzg\u00e4nger qualifiziert, wenn sie auch nur den geringsten Bezug zu ihrem Heimatland aufweisen (Grenz\u00fcbertritte, Besuch verwandter Personen im Heimatland etc.).<\/p>\n\n\n\n<p>Nid- und Obwalden locken mit auf den ersten Blick sehr g\u00fcnstigen Steuers\u00e4tzen. W\u00e4hrend der Kanton Zug mit seiner Steuerpolitik eher ausl\u00e4ndische Firmen fokussiert, ist der Kanton Nidwalden in erster Linie auf Privatpersonen aus. Diesen Privatpersonen ist allerdings die Errichtung eines Nidwaldner (Pseudo-)Wohnsitzes nicht unbedingt zu empfehlen, da die Steuerbeh\u00f6rde des Kantons Nidwalden den eventuellen Wegzug in der Regel nicht akzeptiert und versucht, diese Personen in der Folge nie mehr aus der Steuerpflicht zu entlassen.<\/p>\n\n\n\n<p>Aufwandbesteuerung bedeutet, je nach kantonalem Steuerrecht unterschiedlich, dass als Einkommen nur die gesch\u00e4tzten Kosten des Lebensunterhalts besteuert werden. So bleiben massive Ertr\u00e4ge aus Kapital aus dem Ausland wie Zinsen und Dividende und auch inl\u00e4ndische Kapitalertr\u00e4ge unbesteuert, was zu enormen Verlusten an Steuersubstrat f\u00fcr die Herkunftsl\u00e4nder bedeutet. Aber auch Nachbarkantone wie beispielsweise Luzern oder Bern leiden betr\u00e4chtlich unter der Praxis insbesondere der Nidwaldner Steuerbeh\u00f6rden.<\/p>\n\n\n\n<p>Deren Praxis f\u00fchrt auch zu permanenten Klagen der Nachbarstaaten wegen Steuerumgehung und ist miturs\u00e4chlich f\u00fcr die grossen Schwierigkeiten, mit denen die Schweiz in den Verhandlungen mit der EU zu k\u00e4mpfen hat. Zudem f\u00fchrt die Steuerbeh\u00f6rde des Kantons Nidwalden eine massive Werbekampagne, welche weitere Personen in das f\u00fcr alle Nachbarn sch\u00e4dliche Steuerparadies locken soll. Deutlich wird das auch bei Betrachtung des Netzauftrittes des Amtes. <\/p>\n\n\n\n<p>Nun hat Hans Stutz herausgefunden, dass solche aufwandbesteuerte Personen in den Kantonen Nidwalden oder Obwalden rechtsextreme Parteien im deutschsprachigen Ausland finanzieren. Stutz plant eine Ver\u00f6ffentlichung der n\u00e4heren Umst\u00e4nde.<\/p>\n\n\n\n<p>Der hier publizierte Text wird laufend erg\u00e4nzt.<\/p>\n\n\n\n<p>Josef Estermann, VICESSE, ProLitter<img loading=\"lazy\" decoding=\"async\" width=\"1\" height=\"1\" border=\"0\" src=\"https:\/\/pl01.owen.prolitteris.ch\/na\/plzm.a4c8dc2e-a368-45d5-b925-4919d99627ae\">is<\/p>\n","protected":false},"excerpt":{"rendered":"<p>Autor: Josef Estermann, \u00a9 ProLitteris Weiterlesen Hans Stutz, ein engagierter Journalist, der sich monothematisch mit der politisch rechts agierenden Szene in der Schweiz und im deutschsprachigen Ausland besch\u00e4ftigt, ermittelt gegen Personen, die rechtsextreme Parteien finanzieren und die in bestimmten Innerschweizer Kantonen nach Aufwand besteuert werden. Die Aufwandbesteuerung ausl\u00e4ndischer Personen wird in erster Linie von den &hellip; <a href=\"https:\/\/www.orlux-ag.ch\/?page_id=2261\" class=\"more-link\"><span class=\"screen-reader-text\">Finanzierung von Rechtsextremismus in Nidwalden und Obwalden &#8211; Stutz ermittelt<\/span> weiterlesen <span class=\"meta-nav\">&rarr;<\/span><\/a><\/p>\n","protected":false},"author":1,"featured_media":0,"parent":32,"menu_order":0,"comment_status":"closed","ping_status":"closed","template":"","meta":{"footnotes":""},"class_list":["post-2261","page","type-page","status-publish","hentry"],"_links":{"self":[{"href":"https:\/\/www.orlux-ag.ch\/index.php?rest_route=\/wp\/v2\/pages\/2261","targetHints":{"allow":["GET"]}}],"collection":[{"href":"https:\/\/www.orlux-ag.ch\/index.php?rest_route=\/wp\/v2\/pages"}],"about":[{"href":"https:\/\/www.orlux-ag.ch\/index.php?rest_route=\/wp\/v2\/types\/page"}],"author":[{"embeddable":true,"href":"https:\/\/www.orlux-ag.ch\/index.php?rest_route=\/wp\/v2\/users\/1"}],"replies":[{"embeddable":true,"href":"https:\/\/www.orlux-ag.ch\/index.php?rest_route=%2Fwp%2Fv2%2Fcomments&post=2261"}],"version-history":[{"count":13,"href":"https:\/\/www.orlux-ag.ch\/index.php?rest_route=\/wp\/v2\/pages\/2261\/revisions"}],"predecessor-version":[{"id":2716,"href":"https:\/\/www.orlux-ag.ch\/index.php?rest_route=\/wp\/v2\/pages\/2261\/revisions\/2716"}],"up":[{"embeddable":true,"href":"https:\/\/www.orlux-ag.ch\/index.php?rest_route=\/wp\/v2\/pages\/32"}],"wp:attachment":[{"href":"https:\/\/www.orlux-ag.ch\/index.php?rest_route=%2Fwp%2Fv2%2Fmedia&parent=2261"}],"curies":[{"name":"wp","href":"https:\/\/api.w.org\/{rel}","templated":true}]}}