{"id":2494,"date":"2022-11-08T17:21:05","date_gmt":"2022-11-08T15:21:05","guid":{"rendered":"https:\/\/www.orlux-ag.ch\/?page_id=2494"},"modified":"2025-05-13T12:23:37","modified_gmt":"2025-05-13T10:23:37","slug":"farbkraft","status":"publish","type":"page","link":"https:\/\/www.orlux-ag.ch\/?page_id=2494","title":{"rendered":"FARBKRAFT"},"content":{"rendered":"\n<p><a href=\"https:\/\/www.orlux-ag.ch\/?page_id=191\"><strong>Weiterlesen Kombinationen und Permutationen<\/strong><\/a><br>\u00a9 ProLitter<img loading=\"lazy\" decoding=\"async\" src=\"https:\/\/pl01.owen.prolitteris.ch\/na\/plzm.52a850bb-fc38-4965-a2fd-0f8291eb73af\" width=\"1\" height=\"1\" border=\"0\">is,<strong> Iris Kretzschmar<\/strong> <\/p>\n\n\n<div class=\"wp-block-image\">\n<figure class=\"aligncenter size-large\"><a href=\"https:\/\/www.orlux-ag.ch\/wp-content\/uploads\/2025\/05\/2013_Ombres_05.jpg\"><img loading=\"lazy\" decoding=\"async\" width=\"1024\" height=\"685\" src=\"https:\/\/www.orlux-ag.ch\/wp-content\/uploads\/2025\/05\/2013_Ombres_05-1024x685.jpg\" alt=\"\" class=\"wp-image-3658\" srcset=\"https:\/\/www.orlux-ag.ch\/wp-content\/uploads\/2025\/05\/2013_Ombres_05-1024x685.jpg 1024w, https:\/\/www.orlux-ag.ch\/wp-content\/uploads\/2025\/05\/2013_Ombres_05-300x201.jpg 300w, https:\/\/www.orlux-ag.ch\/wp-content\/uploads\/2025\/05\/2013_Ombres_05-768x514.jpg 768w, https:\/\/www.orlux-ag.ch\/wp-content\/uploads\/2025\/05\/2013_Ombres_05.jpg 1076w\" sizes=\"auto, (max-width: 1024px) 100vw, 1024px\" \/><\/a><\/figure>\n<\/div>\n\n\n<p>Vera Rothamel zeigt gr\u00f6ssere Gem\u00e4lde und kleinere Papierarbeiten in den R\u00e4umlichkeiten von Carbotech.<br><br>Alles begann vor rund 40 Jahren in Berlin, einer Stadt, die das pure Gegenteil der gutb\u00fcrgerlichen Heimat der jungen K\u00fcnstlerin war. Zu eng war es Vera Rothamel (geboren 1957) im luzernisches Ebikon geworden. Auf der Suche nach einem Ort, wo sich ihr Potenzial ungez\u00e4hmt entfalten konnte, brach sie in den 80er Jahren auf und schrieb sich in Berlin an der Hochschule der K\u00fcnste ein: Sie malte als Meistersch\u00fclerin bei Professor Helmut Lortz. Nach dem Abschluss gr\u00fcndete sie eine Ateliergemeinschaft, erlebte den Fall der Mauer und kehrte nach 15 Jahren in die Schweiz zur\u00fcck.<\/p>\n\n\n\n<p><br><strong>Regie und Zufall.<\/strong><\/p>\n\n\n\n<p><br>Mit Tafelbildern, Kunst-am-Bau-Installationen und Druckgrafik hat sie sich seither einen Namen gemacht. In ihren Gem\u00e4lden arbeitet Rothamel in Schichten, l\u00e4sst der Farbe freien Lauf, um sie im n\u00e4chsten Moment zu z\u00fcgeln, die Kontrolle im Prozess zu \u00fcbernehmen, um sie wieder ins freie Fliessen zu begleiten. Manchmal dreht und kippt sie die Leinwand, l\u00e4sst Farbstr\u00f6me sich \u00fcberlagern, damit sich ganze Netzwerke aus Farbadern ausbreiten, um sp\u00e4ter mit dem Pinsel entscheidende bildnerische Momente herauszuarbeiten. Es ist ein Spiel zwischen Regie und Zufall, im Dialog mit dem Bildgeschehen.<\/p>\n\n\n\n<p>Man f\u00fchlt sich an Naturhaftes erinnert, Bl\u00e4tter und Rankenwerk tauchen auf, das Auge wechselt zwischen Linie und Fl\u00e4che, erlebt Licht und Schatten. Betrachtung wird zur Teilhabe an einer malerischen Genese, einer Malerei, die sich selbst hervorzubringen scheint.<\/p>\n\n\n\n<p>Auf Papieren experimentiert die K\u00fcnstlerin mit Irisdruck, einem alten Druckverfahren. Sie f\u00e4rbt die Druckwalze von Hand mit lasierenden Farben ein und l\u00e4sst das Papier mehrfach, auch verkehrt herum durchlaufen: Jedes Blatt ist ein Unikat. Farbkraft entsteht aus diffusen \u00dcberlagerungen, die in allen Regenbogenfarben schimmern k\u00f6nnen. Die Werkreihe \u00abSpiel. Satz\u00bb zeigt horizontal gelagerte Farbwolken in Gr\u00fcn, Gelb oder Braun, durchdrungen von einzelnen Farbausl\u00e4ufern. Etwas Sph\u00e4risches und Elementares ist diesen Werken eigen \u2013 Farbe als Urkraft.<\/p>\n\n\n\n<p>Vera Rothamel, \u00abFarbstoffe\u00bb: Do 10.11. bis Fr 12.5.2023, Mo\u2013Fr 9\u201312 und 14\u201317 h, Carbotech AG,<br>St. Alban-Vorstadt 19, Basel, www.verarothamel.ch<br>Vera Rothamel, \u00abSpiel Satz\u00bb, Unikat Edition, Wolfsberg Verlag, 2016, Foto: Vera Rothamel<\/p>\n","protected":false},"excerpt":{"rendered":"<p>Weiterlesen Kombinationen und Permutationen\u00a9 ProLitteris, Iris Kretzschmar Vera Rothamel zeigt gr\u00f6ssere Gem\u00e4lde und kleinere Papierarbeiten in den R\u00e4umlichkeiten von Carbotech. Alles begann vor rund 40 Jahren in Berlin, einer Stadt, die das pure Gegenteil der gutb\u00fcrgerlichen Heimat der jungen K\u00fcnstlerin war. Zu eng war es Vera Rothamel (geboren 1957) im luzernisches Ebikon geworden. Auf der &hellip; <a href=\"https:\/\/www.orlux-ag.ch\/?page_id=2494\" class=\"more-link\"><span class=\"screen-reader-text\">FARBKRAFT<\/span> weiterlesen <span class=\"meta-nav\">&rarr;<\/span><\/a><\/p>\n","protected":false},"author":1,"featured_media":0,"parent":246,"menu_order":0,"comment_status":"closed","ping_status":"closed","template":"","meta":{"footnotes":""},"class_list":["post-2494","page","type-page","status-publish","hentry"],"_links":{"self":[{"href":"https:\/\/www.orlux-ag.ch\/index.php?rest_route=\/wp\/v2\/pages\/2494","targetHints":{"allow":["GET"]}}],"collection":[{"href":"https:\/\/www.orlux-ag.ch\/index.php?rest_route=\/wp\/v2\/pages"}],"about":[{"href":"https:\/\/www.orlux-ag.ch\/index.php?rest_route=\/wp\/v2\/types\/page"}],"author":[{"embeddable":true,"href":"https:\/\/www.orlux-ag.ch\/index.php?rest_route=\/wp\/v2\/users\/1"}],"replies":[{"embeddable":true,"href":"https:\/\/www.orlux-ag.ch\/index.php?rest_route=%2Fwp%2Fv2%2Fcomments&post=2494"}],"version-history":[{"count":9,"href":"https:\/\/www.orlux-ag.ch\/index.php?rest_route=\/wp\/v2\/pages\/2494\/revisions"}],"predecessor-version":[{"id":3659,"href":"https:\/\/www.orlux-ag.ch\/index.php?rest_route=\/wp\/v2\/pages\/2494\/revisions\/3659"}],"up":[{"embeddable":true,"href":"https:\/\/www.orlux-ag.ch\/index.php?rest_route=\/wp\/v2\/pages\/246"}],"wp:attachment":[{"href":"https:\/\/www.orlux-ag.ch\/index.php?rest_route=%2Fwp%2Fv2%2Fmedia&parent=2494"}],"curies":[{"name":"wp","href":"https:\/\/api.w.org\/{rel}","templated":true}]}}