{"id":602,"date":"2019-08-29T13:59:36","date_gmt":"2019-08-29T11:59:36","guid":{"rendered":"http:\/\/www.orlux-ag.ch\/?page_id=602"},"modified":"2022-10-10T10:40:22","modified_gmt":"2022-10-10T08:40:22","slug":"datenschutzerklaerung-602","status":"publish","type":"page","link":"https:\/\/www.orlux-ag.ch\/?page_id=602","title":{"rendered":"Datenschutzerkl\u00e4rung"},"content":{"rendered":"<p><!--StartFragment--><\/p>\n\n\n<h2 class=\"wp-block-heading\">Wer wir sind<\/h2>\n\n\n\n<p>Die Adresse unserer Website ist: https:\/\/www.orlux-ag.ch. Wir sind eine Aktiengesellschaft nach Schweizer Obligationenrecht mit Sitz in Z\u00fcrich.<\/p>\n\n\n\n<h2 class=\"wp-block-heading\">Welche personenbezogenen Daten wir sammeln und warum wir sie sammeln<\/h2>\n\n\n\n<h2 class=\"wp-block-heading\">Allgemein<\/h2>\n\n\n\n<p>Personendaten sind alle Informationen, die sich auf eine identifizierte oder identifizierbare nat\u00fcrliche oder juristische Person beziehen (bspw. Name, Anschrift, Telefonnummer, Geburtsdatum, Handelsregistereintrag oder E-Mail-Adresse).<\/p>\n\n\n\n<p>Personendaten, die Sie der Orlux AG bei der Nutzung von Online-Angeboten mitteilen, werden gem\u00e4ss dem Schweizer Datenschutzgesetz (DSG) und anderen gesetzlichen Bestimmungen bearbeitet. Der Begriff Online-Angebote nimmt Bezug auf unterschiedlichste Angebotsstrukturen der Orlux AG im Online-Bereich.<\/p>\n\n\n\n<p>Datensicherheit hat f\u00fcr uns h\u00f6chste Priorit\u00e4t. Wir treffen alle notwendigen technischen und organisatorischen Massnahmen. Zudem verkaufen wir keine Daten. <br><br>Der vorliegende Text enth\u00e4lt Textelemente, welche urspr\u00fcnglich von bestimmten Individuen verfasst wurden, durch ihre mehrfache berechtigte Reproduktion jedoch als gemeinfrei oder unter einer GNU-Lizenz stehend betrachtet werden k\u00f6nnen.<\/p>\n\n\n\n<h3 class=\"wp-block-heading\">Cookies und Meldungen zu Zugriffszahlen<\/h3>\n\n\n\n<p>Die folgenden drei Abs\u00e4tze sind von uns auf Empfehlung der Verwertungsgesellschaft ProLitteris eingef\u00fchrt und von uns zur Verbesserung des Datenschutzes wesentlich modifiziert worden. Die Orlux AG ist Mitglied der ProLitteris und viele unserer AutorInnen sind ebenfalls Mitglieder und Anspruchsberechtigte von Verwertungsgesellschaften f\u00fcr geistiges Eigentum im In- und Ausland, wie VG Wort, Gema oder Literar-Mechana. Informationen zum Urheberrecht finden Sie unter https:\/\/de.wikipedia.org\/wiki\/Urheberrecht_(Schweiz). Wir vertreten den Standpunkt, dass Internetriesen wie Google, Amazon und andere nicht uneingeschr\u00e4nkt \u00fcber die von Urhebern hergestellten Werke im Internet entsch\u00e4digungslos verf\u00fcgen d\u00fcrfen. Deshalb unterst\u00fctzen wir Verwertungsgesellschaften, welche den AutorInnen Entsch\u00e4digungen f\u00fcr ihre Arbeit zukommen lassen und auch Beitr\u00e4ge an die Rente der AutorInnen leisten. <br><br>Wir setzen &#8222;Session-Cookies&#8220; von ProLitteris, Z\u00fcrich, zur Messung von Zugriffen auf Texten ein, um die Kopierwahrscheinlichkeit zu erfassen. Diese Cookies messen die Anzahl der Visits in einem Textbereich. Wir kontrollieren regelm\u00e4ssig bei den Anbietern der Cookies, ob diese auch gem\u00e4ss den Vertragsbestimmungen und Zusicherungen verwendet werden. Wir bitten unsere Besucher, uns sofort zu benachrichtigen, falls sie den Verdacht haben, dass die Z\u00e4hlung der Visits auf unserern Seiten, von Ihnen ungewollt und unbeabsichtig zu einer Erfassung Ihres Surfverhaltens oder zu Werbezwecken missbraucht werden. Wir werden dann unverz\u00fcglich der Angelegenheit nachgehen und Ihnen Bericht erstatten. Unsere Mailadresse finden Sie am Schluss dieses Textes.<\/p>\n\n\n\n<p>Session-Cookies sind kleine Informationseinheiten, die ein Anbieter im Arbeitsspeicher des Computers des Besuchers speichert. In einem Session-Cookie wird eine zuf\u00e4llig erzeugte eindeutige Identifikationsnummer abgelegt, eine sogenannte Session-ID.  Ausserdem enth\u00e4lt ein Cookie die Angabe \u00fcber seine Herkunft und die Speicherfrist. Session-Cookies k\u00f6nnen keine anderen Daten speichern. Diese Messungen werden von der Kantar Media (www.kantarmedia.com\/de) nach dem Skalierbaren Zentralen Messverfahren (SZM) durchgef\u00fchrt. Sie helfen dabei, die Kopierwahrscheinlichkeit einzelner Texte zur Entsch\u00e4digung von gesetzlichen Anspr\u00fcchen von AutorInnen und Verlagen zu ermitteln. Wir erfassen keine personenbezogenen Daten \u00fcber Cookies.<\/p>\n\n\n\n<p>Unsere Seiten k\u00f6nnen mit JavaScript-Aufrufen versehen sein, \u00fcber die wir die Zugriffe an die Verwertungsgesellschaft ProLitteris melden. Wir erm\u00f6glichen damit, dass unsere Autoren an den Entsch\u00e4digungen partizipieren, welche die gesetzliche Verf\u00fcgung f\u00fcr den Eigengebrauch urheberrechtlich gesch\u00fctzter Werke (Art. 19 Abs. 1 und Art. 20, SR 231.1, Bundesgesetz \u00fcber das Urheberrecht und verwandte Schutzrechte (Urheberrechtsgesetz, URG) vom 9. Oktober 1992, Stand 1. April 2020) sicherstellen.<\/p>\n\n\n\n<p>Eine Nutzung unserer Angebote ist auch ohne Cookies m\u00f6glich. Die meisten Browser sind so eingestellt, dass sie Cookies automatisch akzeptieren. Sie k\u00f6nnen das Speichern von Cookies jedoch deaktivieren oder Ihren Browser so einstellen, dass er Sie benachrichtigt, sobald Cookies gesendet werden.<\/p>\n\n\n\n<h3 class=\"wp-block-heading\">Eingebettete Inhalte von anderen Websites<\/h3>\n\n\n\n<p>Beitr\u00e4ge auf dieser Website k\u00f6nnen eingebettete Inhalte beinhalten (z.&nbsp;B. Videos, Bilder, Beitr\u00e4ge etc.). Eingebettete Inhalte von anderen Websites verhalten sich exakt so, als ob der Besucher die andere Website besucht h\u00e4tte. Wir bem\u00fchen uns, die Verwendung von eingebetteten Inhalten soweit als m\u00f6glich zu vermeiden und diese als eingebettet erkennbar zu machen.<\/p>\n\n\n\n<p>Diese Websites k\u00f6nnen Daten \u00fcber sie sammeln, Cookies benutzen, zus\u00e4tzliche Tracking-Dienste von Dritten einbetten und ihre Interaktion mit diesem eingebetteten Inhalt aufzeichnen, inklusive ihrer Interaktion mit dem eingebetteten Inhalt, falls sie ein Konto haben und auf dieser Website angemeldet sind.<\/p>\n\n\n\n<h3 class=\"wp-block-heading\"><strong>Datenschutzerkl\u00e4rung zur Nutzung des Skalierbaren Zentralen Messverfahrens<\/strong><\/h3>\n\n\n\n<p><strong>Webangebote<\/strong><\/p>\n\n\n\n<p>Die Einf\u00fcgung dieses und der zwei folgenden Abs\u00e4tze ist uns von der ProLitteris empfohlen worden. Wir haben sie zur Erh\u00f6hung des Datenschutzes und zur Erh\u00f6hung der Klarheit modifiziert. Unsere Website und unser mobiles Webangebot nutzen das \u201eSkalierbare Zentrale Messverfahren\u201c (SZM) der Kantar Media (www.kantarmedia.com\/de) f\u00fcr die Ermittlung statistischer Kennwerte zur Ermittlung der Kopierwahrscheinlichkeit von Texten.<\/p>\n\n\n\n<p>Dabei werden anonyme Messwerte erhoben. Die Zugriffszahlenmessung verwendet zur Wiedererkennung von Computersystemen alternativ ein Session-Cookie oder eine Signatur, die aus verschiedenen automatisch \u00fcbertragenen Informationen Ihres Browsers erstellt wird. IP-Adressen werden nur in anonymisierter Form verarbeitet.<\/p>\n\n\n\n<p>Das Verfahren wurde unter der Beachtung des Datenschutzes entwickelt. Einziges Ziel des Verfahrens ist es, die Kopierwahrscheinlichkeit einzelner Texte zu ermitteln.<\/p>\n\n\n\n<p>Zu keinem Zeitpunkt werden einzelne Nutzer identifiziert. Ihre Identit\u00e4t bleibt gesch\u00fctzt. Sie erhalten \u00fcber das System keine Werbung.<\/p>\n\n\n\n<h3 class=\"wp-block-heading\">Analysedienste<\/h3>\n\n\n\n<h2 class=\"wp-block-heading\">Mit wem wir die Daten teilen<\/h2>\n\n\n\n<p>Ihre Personendaten werden von uns grunds\u00e4tzlich nur dann an Dritte weitergegeben, soweit Ihrerseits eine Einwilligung vorliegt oder unsererseits ein berechtigtes Interesse besteht.<\/p>\n\n\n\n<p>Dar\u00fcber hinaus k\u00f6nnen Daten an Dritte \u00fcbermittelt werden, soweit wir aufgrund gesetzlicher Bestimmungen oder durch vollstreckbare beh\u00f6rdliche oder gerichtliche Anordnung hierzu verpflichtet sein sollten.<\/p>\n\n\n\n<h2 class=\"wp-block-heading\">Wie lange wir die Daten speichern<\/h2>\n\n\n\n<p>Wir speichern Ihre Daten solange, wie dies zur Erbringung unsers Online-Angebots und der damit verbundenen Dienstleistungen erforderlich ist bzw. wir ein berechtigtes Interesse an der weiteren Speicherung haben. In allen anderen F\u00e4llen l\u00f6schen wir Ihre Personendaten mit Ausnahme solcher Daten, die wir zur Erf\u00fcllung gesetzlicher Verpflichtungen (bspw. Aufbewahrungspflichten) weiter aufbewahren m\u00fcssen.<\/p>\n\n\n\n<h2 class=\"wp-block-heading\">Welche Rechte sie an ihren Daten haben<\/h2>\n\n\n\n<p>Wenn sie ein Konto auf dieser Website besitzen, k\u00f6nnen sie einen Export ihrer personenbezogenen Daten bei uns anfordern, inklusive aller Daten, die sie uns mitgeteilt haben. Dar\u00fcber hinaus k\u00f6nnen sie die L\u00f6schung aller personenbezogenen Daten verlangen, die wir von ihnen gespeichert haben. Dies umfasst nicht die Daten, die wir aufgrund administrativer, rechtlicher oder sicherheitsrelevanter Notwendigkeiten aufbewahren m\u00fcssen.<\/p>\n\n\n\n<h2 class=\"wp-block-heading\">Wohin wir die Daten senden<\/h2>\n\n\n\n<p>Besucher-Kommentare k\u00f6nnten von einem automatisierten Dienst zur Spam-Erkennung untersucht werden.<\/p>\n\n\n\n<h3 class=\"wp-block-heading\">Von welchen Drittanbietern wir Daten erhalten<\/h3>\n\n\n\n<p>Wir erhalten keine Daten von Drittanbietern.<\/p>\n\n\n\n<h2 class=\"wp-block-heading\">Kontakt Datenschutz<\/h2>\n\n\n\n<p>F\u00fcr Ausk\u00fcnfte und Anregungen zum Thema Datenschutz stehen wir  Ihnen unter der E-Mail <a href=\"mailto:info@orlux-ag.ch\">info@orlux-ag.ch<\/a> gerne zur Verf\u00fcgung. <br><br>Diese Datenschutzerkl\u00e4rung ist individualisiert f\u00fcr die Orlux AG, Verfasser: Josef Estermann. <br><br>Hier stitzt die Z\u00e4hlmarke der ProLitteris, welche die Anzahl der Visits auf dieser Seite mis<img loading=\"lazy\" decoding=\"async\" src=\"https:\/\/pl01.owen.prolitteris.ch\/na\/plzm.75fddbb3-69ec-4392-b894-59c5d7fdc00c\" width=\"1\" height=\"1\" border=\"0\">st.<\/p>\n\n\n<p><!--EndFragment--><\/p>\n\n\n<p><a href=\"https:\/\/www.orlux-ag.ch\/?page_id=32\"><strong>Weiterlesen<\/strong><\/a><\/p>\n","protected":false},"excerpt":{"rendered":"<p>Wer wir sind Die Adresse unserer Website ist: https:\/\/www.orlux-ag.ch. Wir sind eine Aktiengesellschaft nach Schweizer Obligationenrecht mit Sitz in Z\u00fcrich. Welche personenbezogenen Daten wir sammeln und warum wir sie sammeln Allgemein Personendaten sind alle Informationen, die sich auf eine identifizierte oder identifizierbare nat\u00fcrliche oder juristische Person beziehen (bspw. Name, Anschrift, Telefonnummer, Geburtsdatum, Handelsregistereintrag oder E-Mail-Adresse). &hellip; <a href=\"https:\/\/www.orlux-ag.ch\/?page_id=602\" class=\"more-link\"><span class=\"screen-reader-text\">Datenschutzerkl\u00e4rung<\/span> weiterlesen <span class=\"meta-nav\">&rarr;<\/span><\/a><\/p>\n","protected":false},"author":1,"featured_media":0,"parent":0,"menu_order":10,"comment_status":"open","ping_status":"closed","template":"","meta":{"footnotes":""},"class_list":["post-602","page","type-page","status-publish","hentry"],"_links":{"self":[{"href":"https:\/\/www.orlux-ag.ch\/index.php?rest_route=\/wp\/v2\/pages\/602","targetHints":{"allow":["GET"]}}],"collection":[{"href":"https:\/\/www.orlux-ag.ch\/index.php?rest_route=\/wp\/v2\/pages"}],"about":[{"href":"https:\/\/www.orlux-ag.ch\/index.php?rest_route=\/wp\/v2\/types\/page"}],"author":[{"embeddable":true,"href":"https:\/\/www.orlux-ag.ch\/index.php?rest_route=\/wp\/v2\/users\/1"}],"replies":[{"embeddable":true,"href":"https:\/\/www.orlux-ag.ch\/index.php?rest_route=%2Fwp%2Fv2%2Fcomments&post=602"}],"version-history":[{"count":23,"href":"https:\/\/www.orlux-ag.ch\/index.php?rest_route=\/wp\/v2\/pages\/602\/revisions"}],"predecessor-version":[{"id":2993,"href":"https:\/\/www.orlux-ag.ch\/index.php?rest_route=\/wp\/v2\/pages\/602\/revisions\/2993"}],"wp:attachment":[{"href":"https:\/\/www.orlux-ag.ch\/index.php?rest_route=%2Fwp%2Fv2%2Fmedia&parent=602"}],"curies":[{"name":"wp","href":"https:\/\/api.w.org\/{rel}","templated":true}]}}