{"id":664,"date":"2021-02-05T18:30:29","date_gmt":"2021-02-05T16:30:29","guid":{"rendered":"http:\/\/www.orlux-ag.ch\/?page_id=664"},"modified":"2023-12-30T05:00:50","modified_gmt":"2023-12-30T03:00:50","slug":"aushandlung-der-maskenpflicht-im-kanton-zuerich","status":"publish","type":"page","link":"https:\/\/www.orlux-ag.ch\/?page_id=664","title":{"rendered":"Aushandlung der Maskenpflicht deVries"},"content":{"rendered":"\n<p><a href=\"https:\/\/www.orlux-ag.ch\/?page_id=2767\"><strong>Weiterlesen: Volltext von Raffaela Christina de Vries<\/strong><\/a><br>\u00a9 ProLitter<img loading=\"lazy\" decoding=\"async\" src=\"https:\/\/pl01.owen.prolitteris.ch\/na\/plzm.5277ac0a-772b-4ec5-97c1-9dc985b305cf\" width=\"1\" height=\"1\">is <\/p>\n\n\n\n<div class=\"wp-block-media-text alignwide has-media-on-the-right is-stacked-on-mobile is-vertically-aligned-top\"><div class=\"wp-block-media-text__content\">\n<p>Raffaela Christina de Vries<\/p>\n\n\n\n<p><strong>Aushandlung der Maskenpflicht im Kanton Z\u00fcrich<\/strong>.<\/p>\n\n\n\n<p>Eine qualitative Studie.<\/p>\n\n\n\n<p>ISBN 978-3-907230-29-9<\/p>\n\n\n\n<p>Preis CHF 45.-<\/p>\n\n\n\n<p><a href=\"https:\/\/www.orlux-ag.ch\/?page_id=8\">Bestellen<\/a><\/p>\n<\/div><figure class=\"wp-block-media-text__media\"><img loading=\"lazy\" decoding=\"async\" width=\"724\" height=\"1024\" src=\"https:\/\/www.orlux-ag.ch\/wp-content\/uploads\/2021\/02\/deVries_Umschlag_Aussen-724x1024.jpg\" alt=\"\" class=\"wp-image-665 size-full\" srcset=\"https:\/\/www.orlux-ag.ch\/wp-content\/uploads\/2021\/02\/deVries_Umschlag_Aussen-724x1024.jpg 724w, https:\/\/www.orlux-ag.ch\/wp-content\/uploads\/2021\/02\/deVries_Umschlag_Aussen-212x300.jpg 212w, https:\/\/www.orlux-ag.ch\/wp-content\/uploads\/2021\/02\/deVries_Umschlag_Aussen-768x1087.jpg 768w, https:\/\/www.orlux-ag.ch\/wp-content\/uploads\/2021\/02\/deVries_Umschlag_Aussen.jpg 826w\" sizes=\"auto, (max-width: 724px) 100vw, 724px\" \/><\/figure><\/div>\n\n\n\n<p>\u00a9  ProLitter<img loading=\"lazy\" decoding=\"async\" src=\"https:\/\/pl01.owen.prolitteris.ch\/na\/plzm.5277ac0a-772b-4ec5-97c1-9dc985b305cf\" width=\"1\" height=\"1\">is <\/p>\n\n\n\n<p>Inhaltsverzeichnis<\/p>\n\n\n\n<h1 class=\"wp-block-heading\"><strong>Vorwort<\/strong><\/h1>\n\n\n\n<p>von Josef Estermann<\/p>\n\n\n\n<p>\u201eCorona\u201c war das, was die Welt im Jahre 2020 beinahe aus den Fugen hat geraten lassen. Nichts Lebensallt\u00e4gliches war mehr wie vorher. Das Seminar \u201eEmpirische Ans\u00e4tze der Rechtssoziologie\u201c im Herbstsemester 2020 an der Universit\u00e4t Z\u00fcrich wurde wie alle Lehrveranstaltungen nach vier oder f\u00fcnf Seminarveranstaltungen mit physischer Pr\u00e4senz in den Online-Status versetzt, ein Umstand, der die notwendige gemeinsame Diskussion von Theorie und Datenmaterial betr\u00e4chtlich erschwerte.<br>Eine zentrale Fragestellung der Rechtssoziologie ist die Frage nach den Wirkmechanismen von rechtlichen Normen als Einflussfaktoren f\u00fcr menschliches Handeln. Im politischen Diskurs findet sich in den Argumentationen regelm\u00e4ssig die Annahme einer automatischen Wirkung von (staatlicher) Normsetzung auf individuelles Verhalten. Diese Annahme ist jedenfalls zu bezweifeln.<br>Die Hoffnungen, welche seit dem letzten Jahrhundert in die Soziologie gesetzt wurden, beruhen auf der Erkenntnis, dass wissenschaftliche Analyse von Gesellschaft zu einer (positiven) Transformation von Gesellschaft beitragen kann, ein durch und durch aufkl\u00e4rerischer Gedanke.<br>Der aufkl\u00e4rerische Anspruch wird am besten erf\u00fcllt, wenn Analysen zeitnah und zeitgerecht zur Verf\u00fcgung gestellt und nicht nur in kleinen wissenschaftlichen Zirkeln bebr\u00fctet werden. So haben wir uns entschlossen, die einschl\u00e4gigen Forschungsarbeiten aus dem Seminar zu ver\u00f6ffentlichen. \u201eCorona\u201c hat zu einer betr\u00e4chtlichen Beschleunigung von Entwicklungstendenzen gef\u00fchrt, welche schon vorher angelegt waren, wie etwa die Digitalisierung oder die Produktion von G\u00fctern im Mikro- und Nanobereich. Noch nie wurden Produktion und Auslieferung einer Reihe von effizienten Impfstoffen innerhalb eines Jahres bewerkstelligt, ein Prozess, der fr\u00fcher bis zu zehn, zwanzig oder mehr Jahre in Anspruch genommen hat. (1) Noch nie wurde ein so grosser Anteil von Arbeiten in den wissenschaftlichen Zeitschriften so schnell im Rahmen von fast tracks mit eingeschr\u00e4nktem peer review publiziert. Auch wir haben die Untersuchungen (2) im Rahmen unseres Seminars innerhalb eines halben Jahres durchgef\u00fchrt und ver\u00f6ffentlicht.  <br><br>Raffaela Christina de Vries untersucht die lokal und betrieblich unterschiedliche Verordnung und Durchsetzung des Maskentragens. Welche Rolle spielen beh\u00f6rdliche Anordnungen im Verh\u00e4ltnis zu betrieblichen Massnahmen und individuellen Einstellungen bei der Entscheidung zum Tragen einer Gesichtsmaske? Sie folgt Talcott Parsons&#8216; bew\u00e4hrter Handlungstheorie und kommt zum Schluss, dass vor allem die Komplexe Affektivit\u00e4t, Selbstorientierung, Zuweisung und Diffusit\u00e4t f\u00fcr die Handlungs- und Einstellungsmuster bedeutend sind. Die Mertonsche Kategorie des rituellen Verhaltens im Ziel-Mittel-Konflikt scheint f\u00fcr die dargestellten Handlungsmotivation im Vordergrund zu stehen. <br><br><strong>Fussnoten<\/strong><br>(1) Philipp Ball: What the lightning-fast quest for COVID vaccines means for other diseases. The speedy approach used to tackle SARS-CoV-2 could change the future of vaccine science. In: nature, Vol 589, 7 January 2021, S. 16-18.<br>(2) Finn Schlichenmaier <a href=\"https:\/\/www.orlux-ag.ch\/?page_id=674\"><strong>Hier <\/strong><\/a>   <br>ProLitter<img loading=\"lazy\" decoding=\"async\" src=\"https:\/\/pl01.owen.prolitteris.ch\/na\/plzm.5277ac0a-772b-4ec5-97c1-9dc985b305cf\" width=\"1\" height=\"1\">is   <\/p>\n\n\n\n<h1 class=\"wp-block-heading\"><strong>Einleitung<\/strong> von Raffaela Christina de Vries<\/h1>\n\n\n\n<p><a href=\"https:\/\/www.orlux-ag.ch\/?page_id=1339\"><strong>Hier zur Einleitung<\/strong><\/a><\/p>\n\n\n\n<p><a href=\"https:\/\/www.orlux-ag.ch\/?page_id=1074\"><strong>Mehr lesen: Zschokke und Boller<\/strong><\/a><\/p>\n","protected":false},"excerpt":{"rendered":"<p>Weiterlesen: Volltext von Raffaela Christina de Vries\u00a9 ProLitteris Raffaela Christina de Vries Aushandlung der Maskenpflicht im Kanton Z\u00fcrich. Eine qualitative Studie. ISBN 978-3-907230-29-9 Preis CHF 45.- Bestellen \u00a9 ProLitteris Inhaltsverzeichnis Vorwort von Josef Estermann \u201eCorona\u201c war das, was die Welt im Jahre 2020 beinahe aus den Fugen hat geraten lassen. Nichts Lebensallt\u00e4gliches war mehr wie &hellip; <a href=\"https:\/\/www.orlux-ag.ch\/?page_id=664\" class=\"more-link\"><span class=\"screen-reader-text\">Aushandlung der Maskenpflicht deVries<\/span> weiterlesen <span class=\"meta-nav\">&rarr;<\/span><\/a><\/p>\n","protected":false},"author":1,"featured_media":0,"parent":25,"menu_order":0,"comment_status":"open","ping_status":"closed","template":"","meta":{"footnotes":""},"class_list":["post-664","page","type-page","status-publish","hentry"],"_links":{"self":[{"href":"https:\/\/www.orlux-ag.ch\/index.php?rest_route=\/wp\/v2\/pages\/664","targetHints":{"allow":["GET"]}}],"collection":[{"href":"https:\/\/www.orlux-ag.ch\/index.php?rest_route=\/wp\/v2\/pages"}],"about":[{"href":"https:\/\/www.orlux-ag.ch\/index.php?rest_route=\/wp\/v2\/types\/page"}],"author":[{"embeddable":true,"href":"https:\/\/www.orlux-ag.ch\/index.php?rest_route=\/wp\/v2\/users\/1"}],"replies":[{"embeddable":true,"href":"https:\/\/www.orlux-ag.ch\/index.php?rest_route=%2Fwp%2Fv2%2Fcomments&post=664"}],"version-history":[{"count":41,"href":"https:\/\/www.orlux-ag.ch\/index.php?rest_route=\/wp\/v2\/pages\/664\/revisions"}],"predecessor-version":[{"id":2790,"href":"https:\/\/www.orlux-ag.ch\/index.php?rest_route=\/wp\/v2\/pages\/664\/revisions\/2790"}],"up":[{"embeddable":true,"href":"https:\/\/www.orlux-ag.ch\/index.php?rest_route=\/wp\/v2\/pages\/25"}],"wp:attachment":[{"href":"https:\/\/www.orlux-ag.ch\/index.php?rest_route=%2Fwp%2Fv2%2Fmedia&parent=664"}],"curies":[{"name":"wp","href":"https:\/\/api.w.org\/{rel}","templated":true}]}}