{"id":674,"date":"2021-02-05T19:03:20","date_gmt":"2021-02-05T17:03:20","guid":{"rendered":"http:\/\/www.orlux-ag.ch\/?page_id=674"},"modified":"2023-12-30T04:56:32","modified_gmt":"2023-12-30T02:56:32","slug":"schlichenmaier","status":"publish","type":"page","link":"https:\/\/www.orlux-ag.ch\/?page_id=674","title":{"rendered":"Umsetzung von Massnahmen zur Bek\u00e4mpfung von Covid-19"},"content":{"rendered":"\n<div class=\"wp-block-group\"><div class=\"wp-block-group__inner-container is-layout-flow wp-block-group-is-layout-flow\">\n<p><a href=\"https:\/\/www.orlux-ag.ch\/?page_id=2782\"><strong>Mehr lesen: Volltext von Finn Schlichenmaier<\/strong><\/a><br>\u00a9 ProLitter<img loading=\"lazy\" decoding=\"async\" src=\"https:\/\/pl01.owen.prolitteris.ch\/na\/plzm.e77f0779-ed3b-4ffb-b5ed-bc9a18bcf701\" width=\"1\" height=\"1\">is<\/p>\n<\/div><\/div>\n\n\n\n<div class=\"wp-block-media-text alignwide has-media-on-the-right is-stacked-on-mobile is-vertically-aligned-top\"><div class=\"wp-block-media-text__content\">\n<p><strong>Finn Schlichenmaier<\/strong><\/p>\n\n\n\n<p><strong>Umsetzung von Massnahmen zur Bek\u00e4mpfung von Covid-19 und dahinterstehende Motive in der Z\u00fcrcher Gastronomie<\/strong>.<\/p>\n\n\n\n<p>Eine qualitative Studie.<\/p>\n\n\n\n<p>ISBN 978-3-907230-28-2<\/p>\n\n\n\n<p>Preis CHF 45.-<\/p>\n\n\n\n<p><a href=\"https:\/\/www.orlux-ag.ch\/?page_id=8\">Bestellen<\/a><\/p>\n<\/div><figure class=\"wp-block-media-text__media\"><img loading=\"lazy\" decoding=\"async\" width=\"452\" height=\"640\" src=\"https:\/\/www.orlux-ag.ch\/wp-content\/uploads\/2021\/02\/Schlichenmaier_Umschlag_neu.jpeg\" alt=\"\" class=\"wp-image-686 size-full\" srcset=\"https:\/\/www.orlux-ag.ch\/wp-content\/uploads\/2021\/02\/Schlichenmaier_Umschlag_neu.jpeg 452w, https:\/\/www.orlux-ag.ch\/wp-content\/uploads\/2021\/02\/Schlichenmaier_Umschlag_neu-212x300.jpeg 212w\" sizes=\"auto, (max-width: 452px) 100vw, 452px\" \/><\/figure><\/div>\n\n\n\n<p><strong>Inhaltsverzeichnis<\/strong><\/p>\n\n\n\n<p>\u00a9 ProLitter<img loading=\"lazy\" decoding=\"async\" src=\"https:\/\/pl01.owen.prolitteris.ch\/na\/plzm.e77f0779-ed3b-4ffb-b5ed-bc9a18bcf701\" width=\"1\" height=\"1\">is<\/p>\n\n\n\n<p>Vorwort von Josef Estermann 5<\/p>\n\n\n\n<p>1 Einleitung 7<\/p>\n\n\n\n<p>2 Gegenstand 8<\/p>\n\n\n\n<p>2.1 Fragestellung 8<\/p>\n\n\n\n<p>2.2 Vorbemerkungen 9<\/p>\n\n\n\n<p>2.3 Normstruktur 10<\/p>\n\n\n\n<p>3 Theoretische Ans\u00e4tze und Hypothesen 12<\/p>\n\n\n\n<p>3.1 Sanktionen und Externalit\u00e4ten 12<\/p>\n\n\n\n<p>3.2 Intrinsische Motivation und Identit\u00e4t 13<\/p>\n\n\n\n<p>3.3 Innovation und Konformit\u00e4t 15<\/p>\n\n\n\n<p>4 Methodisches Vorgehen 17<\/p>\n\n\n\n<p>4.1 Interview 17<\/p>\n\n\n\n<p>4.2 Befragungspersonen 19<\/p>\n\n\n\n<p>4.3 Transkription und Inhaltsanalyse 20<\/p>\n\n\n\n<p>4.4 Weitere \u00dcberlegungen 20<\/p>\n\n\n\n<p>5 Analyse 21<\/p>\n\n\n\n<p>5.1 Motive zur selbst\u00e4ndigen Adaption 21<\/p>\n\n\n\n<p>5.2 Motive zur Befolgung oder Nichtbefolgung der Massnahmen 23<\/p>\n\n\n\n<p>5.3 Hypothesen 27<\/p>\n\n\n\n<p>6 Ergebnisse 33<\/p>\n\n\n\n<p>7 Literaturverzeichnis 36<\/p>\n\n\n\n<p>8 Anhang: Interviewtranskripte 37<\/p>\n\n\n\n<p>Interview 1: G2 \u2013 04.11.20 37<\/p>\n\n\n\n<p>Interview 2: G1 \u2013 06.11.20 43<\/p>\n\n\n\n<p>Interview 3: G3 \u2013 06.11.20 50<\/p>\n\n\n\n<p>Interview 4: G4 \u2013 11.11.20 54<\/p>\n\n\n\n<p> <\/p>\n\n\n\n<h1 class=\"wp-block-heading\"><strong>Vorwort von Josef Estermann<\/strong><\/h1>\n\n\n\n<p>\u201eCorona\u201c war das, was die Welt im Jahre 2020 beinahe aus den Fugen hat geraten lassen. Nichts Lebensallt\u00e4gliches war mehr wie vorher. Das Seminar \u201eEmpirische Ans\u00e4tze der Rechtssoziologie\u201c im Herbstsemester 2020 an der Universit\u00e4t Z\u00fcrich wurde wie alle Lehrveranstaltungen nach vier oder f\u00fcnf Seminarveranstaltungen mit physischer Pr\u00e4senz in den Online-Status versetzt, ein Umstand, der die notwendige gemeinsame Diskussion von Theorie und Datenmaterial betr\u00e4chtlich erschwerte.<\/p>\n\n\n\n<p>Eine zentrale Fragestellung der Rechtssoziologie ist die Frage nach den Wirkmechanismen von rechtlichen Normen als Einflussfaktoren f\u00fcr menschliches Handeln. Im politischen Diskurs findet sich in den Argumentationen regelm\u00e4ssig die Annahme einer automatischen Wirkung von (staatlicher) Normsetzung auf individuelles Verhalten. Diese Annahme ist jedenfalls zu bezweifeln.<\/p>\n\n\n\n<p>Die Hoffnungen, welche seit dem letzten Jahrhundert in die Soziologie gesetzt wurden, beruhen auf der Erkenntnis, dass wissenschaftliche Analyse von Gesellschaft zu einer (positiven) Transformation von Gesellschaft beitragen kann, ein durch und durch aufkl\u00e4rerischer Gedanke.<\/p>\n\n\n\n<p>Der aufkl\u00e4rerische Anspruch wird am besten erf\u00fcllt, wenn Analysen zeitnah und zeitgerecht zur Verf\u00fcgung gestellt und nicht nur in kleinen wissenschaftlichen Zirkeln bebr\u00fctet werden. So haben wir uns entschlossen, die einschl\u00e4gigen Forschungsarbeiten aus dem Seminar zu ver\u00f6ffentlichen. \u201eCorona\u201c hat zu einer betr\u00e4chtlichen Beschleunigung von Entwicklungstendenzen gef\u00fchrt, welche schon vorher angelegt waren, wie etwa die Digitalisierung oder die Produktion von G\u00fctern im Mikro- und Nanobereich. Noch nie wurden Produktion und Auslieferung einer Reihe von effizienten Impfstoffen innerhalb eines Jahres bewerkstelligt, ein Prozess, der fr\u00fcher bis zu zehn, zwanzig oder mehr Jahre in Anspruch genommen hat.<a href=\"#sdfootnote1sym\"><sup>1<\/sup><\/a> Noch nie wurde ein so grosser Anteil von Arbeiten in den wissenschaftlichen Zeitschriften so schnell im Rahmen von <em>fast tracks<\/em> mit eingeschr\u00e4nktem <em>peer review<\/em> publiziert. Auch wir haben die Untersuchungen<a href=\"#sdfootnote2sym\"><sup>2<\/sup><\/a> im Rahmen unseres Seminars innerhalb eines halben Jahres durchgef\u00fchrt und ver\u00f6ffentlicht.<\/p>\n\n\n\n<p>Finn Schlichenmaier hat die Gastronomie zum Gegenstand seiner Untersuchung gemacht, zum einen weil er in diesem Bereich \u00fcber praktische Erfahrung verf\u00fcgt, zum andern weil in der kleinen Grosstadt Z\u00fcrich in diesem Wirtschaftsbereich ein bedeutender Teil der lokalen Wertsch\u00f6pfung erwirtschaftet wird. Die Gastronomie ist sozusagen die profane Seite des Kulturbetriebs, welcher die Integration der Gesellschaft sicherstellt und die Interaktion der Mitglieder in ein Ganzes vermittelt, wie es Theater, Sport, Literatur, Konzerte, bildende Kunst zu tun in der Lage sind. Dieser gesellschaftliche Bereich wurde von der Politik, eben weil er die Kontakth\u00e4ufigkeit und -intensit\u00e4t der Massen moderiert, aus epidemiologischen und gesundheitssystembedingten Gr\u00fcnden massiv eingeschr\u00e4nkt. Selbstverst\u00e4ndlich ist dies nur m\u00f6glich, wenn die staatlichen Strukturen die Einkommensverluste der in diesem Sektor besch\u00e4ftigten Menschen kompensieren, sonst w\u00e4ren gewaltt\u00e4tige gesellschaftliche Kompensationen \u00fcber kurz oder lang nicht zu vermeiden gewesen, zum grossen Schaden f\u00fcr die gesellschaftliche Koh\u00e4sion.<\/p>\n\n\n\n<p>Es stellt sich die Frage, auf welcher Grundlage sich Verhaltens\u00e4nderungen durchgesetzt haben. Sind es normative Vorgaben der Beh\u00f6rden, die Gesetze? Sind es Einsichten in die \u00dcberlebensnotwendigkeiten der Handelnden selbst und ihrer Bezugspersonen? Ist es die Angst vor negativen Sanktionen? Ist es die \u00f6konomische Positionierung, der Markt, die Erwerbsnotwendigkeiten? Oder das individuelle Verantwortlichkeitsgef\u00fchl f\u00fcr alle Mitmenschen, f\u00fcr den Schutz der Schw\u00e4chsten<img loading=\"lazy\" decoding=\"async\" src=\"https:\/\/pl01.owen.prolitteris.ch\/na\/plzm.c8f51a31-d6fb-4836-938b-29cec2bf952c\" width=\"1\" height=\"1\">?<\/p>\n\n\n\n<p><a href=\"#sdfootnote1anc\">1<\/a> Philipp Ball: What the lightning-fast quest for COVID vaccines means for other diseases. The speedy approach used to tackle SARS-CoV-2 could change the future of vaccine science. In: nature, Vol 589, 7 January 2021, S. 16-18.<\/p>\n\n\n\n<p><a href=\"#sdfootnote2anc\">2<\/a> Raffaela Christina de Vries: Aushandlung der Maskenpflicht im Kanton Z\u00fcrich. Eine qualitative Studie, Z\u00fcrich 2021. ProLitter<img loading=\"lazy\" decoding=\"async\" src=\"https:\/\/pl01.owen.prolitteris.ch\/na\/plzm.e77f0779-ed3b-4ffb-b5ed-bc9a18bcf701\" width=\"1\" height=\"1\">is  <a href=\"https:\/\/www.orlux-ag.ch\/?page_id=664\"><strong>hier zu diesem Text<\/strong><\/a><\/p>\n\n\n\n<h1 class=\"wp-block-heading\">Einleitung von Finn Schlichenmaier<\/h1>\n\n\n\n<p><a href=\"https:\/\/www.orlux-ag.ch\/?page_id=1375\"><strong>Hier<\/strong><\/a><\/p>\n","protected":false},"excerpt":{"rendered":"<p>Mehr lesen: Volltext von Finn Schlichenmaier\u00a9 ProLitteris Finn Schlichenmaier Umsetzung von Massnahmen zur Bek\u00e4mpfung von Covid-19 und dahinterstehende Motive in der Z\u00fcrcher Gastronomie. Eine qualitative Studie. ISBN 978-3-907230-28-2 Preis CHF 45.- Bestellen Inhaltsverzeichnis \u00a9 ProLitteris Vorwort von Josef Estermann 5 1 Einleitung 7 2 Gegenstand 8 2.1 Fragestellung 8 2.2 Vorbemerkungen 9 2.3 Normstruktur 10 &hellip; <a href=\"https:\/\/www.orlux-ag.ch\/?page_id=674\" class=\"more-link\"><span class=\"screen-reader-text\">Umsetzung von Massnahmen zur Bek\u00e4mpfung von Covid-19<\/span> weiterlesen <span class=\"meta-nav\">&rarr;<\/span><\/a><\/p>\n","protected":false},"author":1,"featured_media":0,"parent":25,"menu_order":0,"comment_status":"open","ping_status":"closed","template":"","meta":{"footnotes":""},"class_list":["post-674","page","type-page","status-publish","hentry"],"_links":{"self":[{"href":"https:\/\/www.orlux-ag.ch\/index.php?rest_route=\/wp\/v2\/pages\/674","targetHints":{"allow":["GET"]}}],"collection":[{"href":"https:\/\/www.orlux-ag.ch\/index.php?rest_route=\/wp\/v2\/pages"}],"about":[{"href":"https:\/\/www.orlux-ag.ch\/index.php?rest_route=\/wp\/v2\/types\/page"}],"author":[{"embeddable":true,"href":"https:\/\/www.orlux-ag.ch\/index.php?rest_route=\/wp\/v2\/users\/1"}],"replies":[{"embeddable":true,"href":"https:\/\/www.orlux-ag.ch\/index.php?rest_route=%2Fwp%2Fv2%2Fcomments&post=674"}],"version-history":[{"count":31,"href":"https:\/\/www.orlux-ag.ch\/index.php?rest_route=\/wp\/v2\/pages\/674\/revisions"}],"predecessor-version":[{"id":2786,"href":"https:\/\/www.orlux-ag.ch\/index.php?rest_route=\/wp\/v2\/pages\/674\/revisions\/2786"}],"up":[{"embeddable":true,"href":"https:\/\/www.orlux-ag.ch\/index.php?rest_route=\/wp\/v2\/pages\/25"}],"wp:attachment":[{"href":"https:\/\/www.orlux-ag.ch\/index.php?rest_route=%2Fwp%2Fv2%2Fmedia&parent=674"}],"curies":[{"name":"wp","href":"https:\/\/api.w.org\/{rel}","templated":true}]}}